{"id":736,"date":"2023-05-02T10:46:34","date_gmt":"2023-05-02T10:46:34","guid":{"rendered":"https:\/\/twisted-tea-fix.arrdev.ca\/privacy-policy-2\/"},"modified":"2023-07-13T11:09:04","modified_gmt":"2023-07-13T11:09:04","slug":"privacy-policy-2","status":"publish","type":"page","link":"https:\/\/ca.twistedtea.com\/fr\/privacy-policy-2\/","title":{"rendered":"PRIVACY POLICY"},"content":{"rendered":"<h2 class=\"p1\">QUAND RECUEILLONS-NOUS DES INFORMATIONS PERSONNELLES ?<\/h2>\n<p class=\"p1\">Chez Twisted Tea Brewing Company, nous nous engageons \u00e0 prot\u00e9ger votre vie priv\u00e9e. Les lois f\u00e9d\u00e9rales et diverses lois provinciales exigent que nous vous disions comment nous recueillons, utilisons, partageons et prot\u00e9geons vos renseignements personnels. Ces lois limitent \u00e9galement la mani\u00e8re dont nous pouvons utiliser vos informations personnelles. Veuillez lire attentivement cette politique pour comprendre ce que nous faisons avec les informations personnelles que nous recueillons.<\/p>\n<p class=\"p1\">Lorsque vous nous contactez pour vous aider avec une question ou une pr\u00e9occupation, toute information personnelle que vous fournissez est volontaire. Nous collectons et utilisons uniquement les informations minimales n\u00e9cessaires pour r\u00e9pondre \u00e0 vos questions et pr\u00e9occupations. Nous pouvons \u00e9galement collecter vos informations personnelles dans d&#8217;autres circonstances. Dans la plupart des cas, nous collectons des informations personnelles limit\u00e9es, telles que le nom, l&#8217;adresse, le num\u00e9ro de t\u00e9l\u00e9phone, la date de naissance et\/ou l&#8217;adresse e-mail. Dans des cas limit\u00e9s, comme pour les achats, nous pouvons collecter d&#8217;autres informations personnelles telles que les informations de carte de cr\u00e9dit.<\/p>\n<p class=\"p1\">Des exemples de cas o\u00f9 nous pourrions collecter vos informations personnelles incluent, mais ne sont pas n\u00e9cessairement limit\u00e9s \u00e0\u00a0:<\/p>\n<p class=\"p1\">\u25cf \u00a0Lorsque vous effectuez un achat sur notre boutique en ligne ;<\/p>\n<p class=\"p1\">\u25cf \u00a0Lorsque vous participez \u00e0 un concours ou \u00e0 une promotion ;<\/p>\n<p class=\"p1\">\u25cf \u00a0Lorsque vous vous abonnez \u00e0 notre newsletter ;<\/p>\n<p class=\"p1\">\u25cf\u00a0 Lorsque vous postez un commentaire sur notre blog ; et<\/p>\n<p class=\"p1\">\u25cf \u00a0Lorsque vous soumettez une question ou un commentaire sur notre page Contactez-nous.<\/p>\n<h2 class=\"p1\"><b>O\u00d9 VONT VOS INFORMATIONS ?<\/b><\/h2>\n<p class=\"p1\">\u25cf Au sein de Twisted Tea, nous pouvons utiliser vos informations personnelles pour traiter un achat, un concours ou une promotion, ou pour nous aider \u00e0 r\u00e9pondre correctement \u00e0 votre commentaire ou question.<\/p>\n<p class=\"p1\">\u25cf Nous utilisons \u00e9galement des tiers pour aider \u00e0 fournir certains des services que nous offrons sur ce site Web, et parfois vos informations peuvent \u00eatre partag\u00e9es avec ces tiers. Ces fournisseurs ont accept\u00e9 de ne divulguer aucune de vos informations personnelles \u00e0 des fins non li\u00e9es aux services qu&#8217;ils fournissent pour ce site Web. Par exemple:<\/p>\n<p class=\"p1\">\n\u25cf Lorsque vous effectuez un achat, vos informations peuvent \u00eatre partag\u00e9es avec des fournisseurs afin de remplir votre commande et avec des soci\u00e9t\u00e9s de cartes de cr\u00e9dit pour traiter la transaction.<\/p>\n<p class=\"p1\">\n\u25cf Lorsque vous participez \u00e0 un concours ou que vous vous abonnez \u00e0 notre newsletter, vos informations peuvent \u00eatre partag\u00e9es avec des fournisseurs tiers pour faciliter ces concours et\/ou diffuser la newsletter.<\/p>\n<p class=\"p1\">\n\u25cf Nous pouvons \u00e9galement partager des informations agr\u00e9g\u00e9es non identifiables sur notre lectorat g\u00e9n\u00e9ral avec des tiers afin d&#8217;aider \u00e0 commercialiser nos produits et \u00e0 d\u00e9velopper de nouvelles relations avec les fournisseurs et les clients.<\/p>\n","protected":false},"excerpt":{"rendered":"<p>QUAND RECUEILLONS-NOUS DES INFORMATIONS PERSONNELLES ? Chez Twisted Tea Brewing Company, nous nous engageons \u00e0 prot\u00e9ger votre vie priv\u00e9e. Les lois f\u00e9d\u00e9rales et diverses lois provinciales exigent que nous vous disions comment nous recueillons, utilisons, partageons et prot\u00e9geons vos renseignements personnels. Ces lois limitent \u00e9galement la mani\u00e8re dont nous pouvons utiliser vos informations personnelles. Veuillez &hellip; <a href=\"https:\/\/ca.twistedtea.com\/fr\/privacy-policy-2\/\">Continued<\/a><\/p>\n","protected":false},"author":9,"featured_media":0,"parent":0,"menu_order":0,"comment_status":"closed","ping_status":"closed","template":"template-custom.blade.php","meta":{"_acf_changed":false,"footnotes":""},"class_list":["post-736","page","type-page","status-publish","hentry"],"acf":[],"_links":{"self":[{"href":"https:\/\/ca.twistedtea.com\/fr\/wp-json\/wp\/v2\/pages\/736","targetHints":{"allow":["GET"]}}],"collection":[{"href":"https:\/\/ca.twistedtea.com\/fr\/wp-json\/wp\/v2\/pages"}],"about":[{"href":"https:\/\/ca.twistedtea.com\/fr\/wp-json\/wp\/v2\/types\/page"}],"author":[{"embeddable":true,"href":"https:\/\/ca.twistedtea.com\/fr\/wp-json\/wp\/v2\/users\/9"}],"replies":[{"embeddable":true,"href":"https:\/\/ca.twistedtea.com\/fr\/wp-json\/wp\/v2\/comments?post=736"}],"version-history":[{"count":0,"href":"https:\/\/ca.twistedtea.com\/fr\/wp-json\/wp\/v2\/pages\/736\/revisions"}],"wp:attachment":[{"href":"https:\/\/ca.twistedtea.com\/fr\/wp-json\/wp\/v2\/media?parent=736"}],"curies":[{"name":"wp","href":"https:\/\/api.w.org\/{rel}","templated":true}]}}